{"id":842,"date":"2024-08-24T19:42:50","date_gmt":"2024-08-24T19:42:50","guid":{"rendered":"https:\/\/incluirespinho.pt\/pt\/?page_id=842"},"modified":"2024-09-05T21:24:57","modified_gmt":"2024-09-05T21:24:57","slug":"programa_app","status":"publish","type":"page","link":"https:\/\/incluirespinho.pt\/pt\/programa_app\/","title":{"rendered":"Programa"},"content":{"rendered":"<style>\/*! elementor - v3.23.0 - 05-08-2024 *\/\n.elementor-widget-image{text-align:center}.elementor-widget-image a{display:inline-block}.elementor-widget-image a img[src$=\".svg\"]{width:48px}.elementor-widget-image img{vertical-align:middle;display:inline-block}<\/style>\n<p>\t\t\t\t\t\t\t\t\t\t<img decoding=\"async\" width=\"555\" height=\"168\" src=\"https:\/\/incluirespinho.pt\/pt\/wp-content\/uploads\/2024\/08\/futebo_rua_logo_branco_app.png\" alt=\"\" \/><br \/>\n\t\t\t\t\t<button type=\"button\"  aria-controls=\"rmp-container-765\" aria-label=\"Menu Trigger\" id=\"rmp_menu_trigger-765\"  class=\"rmp_menu_trigger rmp-menu-trigger-boring\">\n\t\t\t\t\t\t\t\t<span class=\"rmp-trigger-box\">\n\t\t\t\t\t\t\t\t\t<span class=\"responsive-menu-pro-inner\"><\/span>\n\t\t\t\t\t\t\t\t<\/span>\n\t\t\t\t\t<\/button>\n\t\t\t\t\t\t<div id=\"rmp-container-765\" class=\"rmp-container rmp-container rmp-slide-right\">\n\t\t\t\t\t\t\t<div id=\"rmp-menu-title-765\" class=\"rmp-menu-title\">\n\t\t\t\t\t\t\t\t\t<span class=\"rmp-menu-title-link\">\n\t\t\t\t\t\t\t\t\t\t<img decoding=\"async\" class=\"rmp-menu-title-image\" src=\"https:\/\/incluirespinho.pt\/pt\/wp-content\/uploads\/2024\/08\/futebo_rua_logo_branco_app.png\" alt=\"\" width=\"100\" height=\"100\" \/><span>Futebol de Rua<\/span>\t\t\t\t\t<\/span>\n\t\t\t\t\t\t\t<\/div>\n\t\t\t<div id=\"rmp-menu-wrap-765\" class=\"rmp-menu-wrap\"><ul id=\"rmp-menu-765\" class=\"rmp-menu\" role=\"menubar\" aria-label=\"Futebol de Rua\"><li id=\"rmp-menu-item-915\" class=\" menu-item menu-item-type-post_type menu-item-object-page rmp-menu-item rmp-menu-top-level-item\" role=\"none\"><a  href=\"https:\/\/incluirespinho.pt\/pt\/futebol-de-rua_app\/\"  class=\"rmp-menu-item-link\"  role=\"menuitem\"  >Futebol de Rua<\/a><\/li><li id=\"rmp-menu-item-870\" class=\" menu-item menu-item-type-post_type menu-item-object-page rmp-menu-item rmp-menu-top-level-item\" role=\"none\"><a  href=\"https:\/\/incluirespinho.pt\/pt\/programa_app\/\"  class=\"rmp-menu-item-link\"  role=\"menuitem\"  >Programa<\/a><\/li><li id=\"rmp-menu-item-871\" class=\" menu-item menu-item-type-post_type menu-item-object-page rmp-menu-item rmp-menu-top-level-item\" role=\"none\"><a  href=\"https:\/\/incluirespinho.pt\/pt\/calendarios-resultados-app\/\"  class=\"rmp-menu-item-link\"  role=\"menuitem\"  >Calend\u00e1rios\/Resultados<\/a><\/li><li id=\"rmp-menu-item-869\" class=\" menu-item menu-item-type-post_type menu-item-object-page rmp-menu-item rmp-menu-top-level-item\" role=\"none\"><a  href=\"https:\/\/incluirespinho.pt\/pt\/noticias_app\/\"  class=\"rmp-menu-item-link\"  role=\"menuitem\"  >Not\u00edcias<\/a><\/li><li id=\"rmp-menu-item-872\" class=\" menu-item menu-item-type-post_type menu-item-object-page rmp-menu-item rmp-menu-top-level-item\" role=\"none\"><a  href=\"https:\/\/incluirespinho.pt\/pt\/mapa_app\/\"  class=\"rmp-menu-item-link\"  role=\"menuitem\"  >Mapa<\/a><\/li><li id=\"rmp-menu-item-1219\" class=\" menu-item menu-item-type-post_type menu-item-object-page rmp-menu-item rmp-menu-top-level-item\" role=\"none\"><a  href=\"https:\/\/incluirespinho.pt\/pt\/1_torneio_futebol_praia_incluir24\/\"  class=\"rmp-menu-item-link\"  role=\"menuitem\"  >1\u00baFutebol de Praia<\/a><\/li><\/ul><\/div>\t\t\t<\/div>\n\t\t\t\t\t\t<\/p>\n<h2 class='tpg-widget-heading'>\n\t\t\t\t\t\tPROGRAMA<br \/>\n\t\t\t\t\t\t\t<\/h2>\n<h4>6 SETEMBRO<\/h4>\n<ul>\n<li>\n<p><strong>10:30-12:30:<\/strong>\u00a01\u00ba Torneio de Futebol de Praia Incluir (Praia 37)<\/p>\n<p><strong>11:00:<\/strong>\u00a0Transmiss\u00e3o em direto da Pra\u00e7a da Alegria \u2013 RTP (Praia 37)<\/p>\n<\/li>\n<li>\u00a0<\/li>\n<\/ul>\n<h4>7 SETEMBRO<\/h4>\n<ul>\n<li>\n<p>\u2013 TENDINHAS<\/p>\n<p>14:00 \u00e0s 19:00 (Pra\u00e7a do Mar e Pra\u00e7a Progresso)<\/p>\n<p>\u2013 Artes\u00e3o Herculano<\/p>\n<p>\u2013 My Moyo<\/p>\n<p>ATIVIDADE (Pra\u00e7a do Mar):<\/p>\n<p>\u2013 URBAN GOLF<\/p>\n<p><strong>14:00:<\/strong>\u00a0JOGOS TRADICIONAIS COM OS ESCUTEIROS 274 ESPINHO<\/p>\n<p><strong>15:00:<\/strong>\u00a0RUSGA N\u00aa SR\u00aa DO MAR<\/p>\n<p><strong>16:00:<\/strong>\u00a0LEAN CRUZ<\/p>\n<p><strong>16:30:<\/strong>\u00a0RANCHO FOLCL\u00d3RICO DOS ALTOS-C\u00c9US<\/p>\n<p><strong>21:30:<\/strong>\u00a0CONCERTO RITA GUERRA E A BANDA UNI\u00c3O MUSICAL PARAMENSE (Pra\u00e7a Progresso)<\/p>\n<\/li>\n<li>\u00a0<\/li>\n<\/ul>\n<h4>8 SETEMBRO<\/h4>\n<ul>\n<li>\n<p><strong>\u2013 TENDINHAS<\/strong><\/p>\n<p>14:00 \u00e0s 19:00 (Pra\u00e7a do Mar e Pra\u00e7a Progresso)<\/p>\n<p>\u2013 Artes\u00e3o Herculano<\/p>\n<p>\u2013 My Moyo<\/p>\n<p><strong>ATIVIDADES<\/strong>\u00a0(Pra\u00e7a do Mar):<\/p>\n<p>\u2013 URBAN GOLF<\/p>\n<p><strong>10:00:<\/strong>\u00a0PILATES<\/p>\n<p><strong>15:00:<\/strong>\u00a0ESCOLA DE BAILADO ISABEL LOUREN\u00c7O (Pra\u00e7a do Mar)<\/p>\n<p><strong>16:00:<\/strong>\u00a0ESCOLA ISABEL LOUREN\u00c7O (Pra\u00e7a Progresso)<\/p>\n<p><strong>15:00:<\/strong>\u00a0RUSGA DE S. PEDRO (Pra\u00e7a do Mar)<\/p>\n<p><strong>15:40:<\/strong>\u00a0MTV DANCE ACADEMY (Pra\u00e7a do Mar)<\/p>\n<p><strong>16:30:<\/strong>\u00a0MTV DANCE ACADEMY (Pra\u00e7a Progresso)<\/p>\n<p>A partir das 17:00 \u2013\u00a0<strong>CERIM\u00d3NIA DE ENTREGA DE PR\u00c9MIOS<\/strong><\/p>\n<\/li>\n<\/ul>\n","protected":false},"excerpt":{"rendered":"<p>PROGRAMA 6 SETEMBRO 10:30-12:30:\u00a01\u00ba Torneio de Futebol de Praia Incluir (Praia 37) 11:00:\u00a0Transmiss\u00e3o em direto da Pra\u00e7a da Alegria \u2013 RTP (Praia 37) \u00a0 7 SETEMBRO \u2013 TENDINHAS 14:00 \u00e0s 19:00 (Pra\u00e7a do Mar e Pra\u00e7a Progresso) \u2013 Artes\u00e3o Herculano \u2013 My Moyo ATIVIDADE (Pra\u00e7a do Mar): \u2013 URBAN GOLF 14:00:\u00a0JOGOS TRADICIONAIS COM OS ESCUTEIROS [&hellip;]<\/p>\n","protected":false},"author":2,"featured_media":943,"parent":0,"menu_order":0,"comment_status":"closed","ping_status":"closed","template":"elementor_canvas","meta":{"footnotes":""},"class_list":["post-842","page","type-page","status-publish","has-post-thumbnail","hentry"],"_links":{"self":[{"href":"https:\/\/incluirespinho.pt\/pt\/wp-json\/wp\/v2\/pages\/842","targetHints":{"allow":["GET"]}}],"collection":[{"href":"https:\/\/incluirespinho.pt\/pt\/wp-json\/wp\/v2\/pages"}],"about":[{"href":"https:\/\/incluirespinho.pt\/pt\/wp-json\/wp\/v2\/types\/page"}],"author":[{"embeddable":true,"href":"https:\/\/incluirespinho.pt\/pt\/wp-json\/wp\/v2\/users\/2"}],"replies":[{"embeddable":true,"href":"https:\/\/incluirespinho.pt\/pt\/wp-json\/wp\/v2\/comments?post=842"}],"version-history":[{"count":22,"href":"https:\/\/incluirespinho.pt\/pt\/wp-json\/wp\/v2\/pages\/842\/revisions"}],"predecessor-version":[{"id":1218,"href":"https:\/\/incluirespinho.pt\/pt\/wp-json\/wp\/v2\/pages\/842\/revisions\/1218"}],"wp:featuredmedia":[{"embeddable":true,"href":"https:\/\/incluirespinho.pt\/pt\/wp-json\/wp\/v2\/media\/943"}],"wp:attachment":[{"href":"https:\/\/incluirespinho.pt\/pt\/wp-json\/wp\/v2\/media?parent=842"}],"curies":[{"name":"wp","href":"https:\/\/api.w.org\/{rel}","templated":true}]}}