{"id":845,"date":"2024-08-24T19:45:02","date_gmt":"2024-08-24T19:45:02","guid":{"rendered":"https:\/\/incluirespinho.pt\/pt\/?page_id=845"},"modified":"2024-08-26T12:57:22","modified_gmt":"2024-08-26T12:57:22","slug":"noticias_app","status":"publish","type":"page","link":"https:\/\/incluirespinho.pt\/pt\/noticias_app\/","title":{"rendered":"Not\u00edcias"},"content":{"rendered":"<p>[kc_row cols_gap=&#8221;{`kc-css`:{}}&#8221; use_container=&#8221;no&#8221; force=&#8221;__empty__&#8221; _id=&#8221;492738&#8243; css_custom=&#8221;{`kc-css`:{}}&#8221;][kc_column width=&#8221;100%&#8221; video_mute=&#8221;no&#8221; _id=&#8221;594376&#8243;][bunch_design_and_technology _id=&#8221;999146&#8243; image=&#8221;http:\/\/incluirespinho.pt\/pt\/wp-content\/uploads\/2024\/07\/mokeup-cop1y.png&#8221; title=&#8221;TyBQcm9qZXRvIDxicj4gRnV0ZWJvbCBkZSBSdWE=&#8221; text=&#8221;QSBJTkNMVUlSLCBlbSBwYXJjZXJpYSBjb20gZW50aWRhZGVzIHDDumJsaWNhcyBlIHByaXZhZGFzLCBwcmV0ZW5kZSBjb20gZXN0ZSBwcm9qZXRvIHDDtHIgZW0gcHLDoXRpY2EgdW1hIGVzdHJhdMOpZ2lhIGlub3ZhZG9yYSBkZSBpbnRlcnZlbsOnw6NvIG5hIHByb21vw6fDo28gZGEgaW5jbHVzw6NvIHNvY2lhbCwgc2VuZG8gdW0gaW5zdHJ1bWVudG8gZGUgY2FwYWNpdGHDp8Ojbywgbm8gZGVzZW52b2x2aW1lbnRvIGRlIGNvbXBldMOqbmNpYXMgcGVzc29haXMgZSBzb2NpYWlzLCBhdHJhdsOpcyBkbyBkZXNwb3J0bywgbm9tZWFkYW1lbnRlIG5vIEZ1dGVib2wu&#8221; services=&#8221;eyIxIjp7InNlcl90aXRsZSI6IlBPUlFVw4ogTyBGVVRFQk9MPyIsInNlcl90ZXh0IjoiUEhBK1FXekRxVzBnWkdVZ2NISnZiVzkyWlhJZ2J5QkJZMlZ6YzI4Z1lXOGdSR1Z6Y0c5eWRHOGdaU0JoSUVsdVkyeDFjOE9qYnlCVGIyTnBZV3dzSUdSbGRtbGtieUJoYnlCd2IyUmxjaUJ3YjNOcGRHbDJieUJsSUcxbFpHbkRvWFJwWTI4Z1pHOGdSblYwWldKdmJDd2dZWE1nWTI5dGNHOXVaVzUwWlhNZ1kyOXNaWFJwZG1GeklHVWdkR0Z0WXNPcGJTQndZWEowYVdOcGNHRjBhWFpoY3lCa1lTQnpkV0VnY0hMRG9YUnBZMkVnY0c5emMybGlhV3hwZEdGdE9qd3ZjRDROQ2lBZ0lDQThkV3crRFFvZ0lDQWdJQ0FnSUR4c2FUNHRJRU52Ykc5allYSWdZU0JsZUdOc2RYUERvMjhnYzI5amFXRnNJRzV2SUdObGJuUnlieUJrWVhNZ1lYUmxic09udzdWbGN5QmtieUJ3YjJSbGNpQndiMnpEclhScFkyOHNJR1JoSUhCdmNIVnNZY09udzZOdklHVnRJR2RsY21Gc0lHVWdaRzl6SUcxbFpHbGhPend2YkdrK0RRb2dJQ0FnSUNBZ0lEeHNhVDR0SUU4Z1pYTmlZWFJsY2lCa1pTQm1jbTl1ZEdWcGNtRnpJSE52WTJsaGFYTWdaU0JoSUhaaGJHOXlhWHBodzZmRG8yOGdaR0VnYVcxaFoyVnRJR1J2Y3lCelpYVnpMM04xWVhNZ2FtOW5ZV1J2Y21WekwyRnpPend2YkdrK0RRb2dJQ0FnSUNBZ0lEeHNhVDR0SUU4Z1pHVnpaVzUyYjJ4MmFXMWxiblJ2SUdSbElHTnZiWEJsZE1PcWJtTnBZWE1nY0dWemMyOWhhWE1zSUhOdlkybGhhWE1nWlNCallYQmhZMmxrWVdSbGN5QndZWEpoSUdFZ2RtbGtZU0JoZEdsMllUczhMMnhwUGcwS0lDQWdJQ0FnSUNBOGJHaytMU0JCSUdOdmJtTnlaWFJwZW1IRHA4T2pieUJrYjNNZ2NISnBibVBEclhCcGIzTWdaR1VnYVdkMVlXeGtZV1JsSUdSbElHOXdiM0owZFc1cFpHRmtaWE1zSUdOcFpHRmtZVzVwWVNCbElIQmhjblJwWTJsd1ljT253Nk52SUhOdlkybGhiQzQ4TDJ4cFBnMEtJQ0FnSUR3dmRXdysifX0=&#8221;][\/kc_column][\/kc_row][kc_row cols_gap=&#8221;{`kc-css`:{}}&#8221; use_container=&#8221;yes&#8221; force=&#8221;__empty__&#8221; _id=&#8221;235629&#8243;][kc_column width=&#8221;12\/12&#8243; video_mute=&#8221;no&#8221; _id=&#8221;523287&#8243;][kc_accordion _id=&#8221;868505&#8243; css_custom=&#8221;{`kc-css`:{`any`:{`active`:{`color|.kc-section-active .kc_accordion_header a`:`#ffffff`,`color|.kc-section-active .kc_accordion_header a i`:`#ffffff`}}}}&#8221; close_all=&#8221;yes&#8221;][kc_accordion_tab title=&#8221;O TORNEIO&#8221; _id=&#8221;820860&#8243; icon_option=&#8221;yes&#8221; icon=&#8221;fa-star&#8221;][kc_column_text _id=&#8221;982240&#8243; css_custom=&#8221;{`kc-css`:{}}&#8221;]<\/p>\n<p>\nUma competi\u00e7\u00e3o de Futebol Inclusivo que promove o acesso ao desporto e coloca em pr\u00e1tica as compet\u00eancias pes-soais e sociais adquiridas, indispens\u00e1-veis \u00e0 capacita\u00e7\u00e3o e integra\u00e7\u00e3o social. O principal momento do Projeto \u00e9 uma iniciativa anual de \u00e2mbito local, que inclui as 4 freguesias, os clubes e associa\u00e7\u00f5es de futebol, bem como, as associa\u00e7\u00f5es de caracter social e inclusivo.<br \/>\n\u00c9 uma estrat\u00e9gia de interven\u00e7\u00e3o inova-dora, que atrav\u00e9s da pr\u00e1tica desportiva permite:<\/p>\n<p>\u2022 Promover a participa\u00e7\u00e3o, a mudan\u00e7a, os valores e a dignidade de cada participante fora do ambiente institucional e de interven\u00e7\u00e3o tradicional;<br \/>\n\u2022 Desenvolver, sob um ponto de vista pessoal e relacional, a consci\u00eancia de perten\u00e7a a um grupo social e dos seus direitos de cidadania, impulsionando novas propostas de vida em sociedade;<br \/>\n\u2022 Reconstruir uma imagem positiva do grupo social junto dos media, da popula\u00e7\u00e3o em geral e dos \u00f3rg\u00e3os municipais;<br \/>\n\u2022 Desenvolver as compet\u00eancias pessoais e sociais b\u00e1sicas e refor\u00e7ar o restabelecimento de redes de sociabilidade e de afetividade;<br \/>\n\u2022 Partilhar responsabilidades e objetivos, na procura de solu\u00e7\u00f5es criativas, oportunidades e instrumentos de promo\u00e7\u00e3o e inclus\u00e3o social atrav\u00e9s do desporto;<\/p>\n<p>[\/kc_column_text][\/kc_accordion_tab][kc_accordion_tab title=&#8221;P\u00daBLICO-ALVO&#8221; _id=&#8221;336255&#8243; icon_option=&#8221;yes&#8221; icon=&#8221;fa-star&#8221;][kc_column_text _id=&#8221;460903&#8243;]<\/p>\n<p>\nDestina-se a homens e mulheres que queiram participar num futebol inclusivo. Os\/as jogadores\/as devem ter idade entre os\u00a0<b>6 e 12 anos<\/b>, \u00e0 exce\u00e7\u00e3o do futebol adaptado, apresentar condi\u00e7\u00f5es m\u00ednimas de sa\u00fade f\u00edsica e mental que permitam a pr\u00e1tica desportiva, e devem estar integrados\/as em projetos sociais ou serem acompanhados por institui\u00e7\u00f5es de \u00e2mbito social e desportivo, sendo atrav\u00e9s destas que podem integrar uma equipa.<\/p>\n<p>[\/kc_column_text][\/kc_accordion_tab][kc_accordion_tab title=&#8221;DURA\u00c7\u00c3O\/FASES&#8221; _id=&#8221;400755&#8243; icon_option=&#8221;yes&#8221; icon=&#8221;fa-star&#8221;][kc_column_text _id=&#8221;346702&#8243;]<\/p>\n<p>\nO Torneio Nacional de Futebol de Rua decorre em duas fases:<\/p>\n<ol>\n<li>No dia 6 setembro das 09:00 \u00e0s 13:00 &#8211; futebol adaptado na praia Marbelo;<\/li>\n<li>Fase de Grupos, no dia 6 nos complexos das freguesias das 14h \u00e0s 20h, e dia 7 nos complexos das freguesias e Pra\u00e7a do Mar das 10h \u00e0s 20h;<\/li>\n<li>Fase Final, no dia 8 na Pra\u00e7a do Mar das 10h \u00e0s 20h;<\/li>\n<\/ol>\n<p>[\/kc_column_text][\/kc_accordion_tab][kc_accordion_tab title=&#8221;INFORMA\u00c7\u00d5ES&#8221; _id=&#8221;291931&#8243; icon_option=&#8221;yes&#8221; icon=&#8221;fa-star&#8221;][kc_column_text _id=&#8221;165728&#8243;]<\/p>\n<p>\n<strong>TAREFAS DO PROMOTOR:<\/strong><br \/>\n\u2022 Organiza\u00e7\u00e3o e promo\u00e7\u00e3o do calend\u00e1rio do Futebol de Rua;<br \/>\n\u2022 Dissemina\u00e7\u00e3o da pr\u00e1tica regular do Futebol de Rua como estrat\u00e9gia de capacita\u00e7\u00e3o e inclus\u00e3o e motiva\u00e7\u00e3o da cria\u00e7\u00e3o de novas equipas em todo munic\u00edpio;<br \/>\n\u2022 Garantir toda a Log\u00edstica de organiza\u00e7\u00e3o do evento;<br \/>\n\u2022 Fornecer todo material de apoio para realiza\u00e7\u00e3o do evento &#8211; tshirts e bon\u00e9s;<br \/>\n\u2022 Garantir seguro de grupo para todos participantes (obrigat\u00f3rio);<br \/>\n\u2022 Seguro de responsabilidade civil (obrigat\u00f3rio)<br \/>\n\u2022 Lanche para os participantes em todos os dias do evento;<br \/>\n\u2022 Entrega de pr\u00e9mios e anima\u00e7\u00e3o;<br \/>\n\u2022 Monitoriza\u00e7\u00e3o das Equipas (Associa\u00e7\u00f5es Paricipantes).<\/p>\n<p>[\/kc_column_text][\/kc_accordion_tab][kc_accordion_tab title=&#8221;INSCRI\u00c7\u00d5ES DE PARTICIPANTES E EQUIPAS&#8221; _id=&#8221;70893&#8243; icon_option=&#8221;yes&#8221; icon=&#8221;fa-star&#8221;][kc_column_text _id=&#8221;276361&#8243;]<\/p>\n<p>\nSolicita-se o envio da ficha de inscri\u00e7\u00e3o das equipas participantes para o promotor INCLUIR, atrav\u00e9s do e-mail: geral@incluirespinho.pt . As equipas podem ser formadas representando uma institui\u00e7\u00e3o social ou um conjunto de institui\u00e7\u00f5es sociais diferentes. O promotor fica respons\u00e1vel pelas inscri\u00e7\u00f5es das equipas participantes e deve proceder a um trabalho de divulga\u00e7\u00e3o e organiza\u00e7\u00e3o (em articula\u00e7\u00e3o com as entidades participantes).<\/p>\n<p>As entidades participantes devem fazer chegar ao promotor a respetiva ficha de inscri\u00e7\u00e3o de cada equipa participante e exame m\u00e9dico desportivo de todos participantes (obrigat\u00f3rio).<\/p>\n<p><strong>Os escal\u00f5es em competi\u00e7\u00e3o ser\u00e3o:<\/strong><\/p>\n<p>&#8211; Infantis A (nascidos em 2012);<br \/>\n&#8211; Infantis B (nascidos em 2013);<br \/>\n&#8211; Benjamins A (nascidos em 2014);<br \/>\n&#8211; Benjamins B (nascidos em 2015);<br \/>\n&#8211; Traquinas A (nascidos em 2016);<br \/>\n&#8211; Traquinas B (nascidos em 2017);<br \/>\n&#8211; Petizes A (nascidos em 2018)<\/p>\n<p>Se uma equipa n\u00e3o tiver jogadores suficientes do ano de nascimento ao qual pertence o seu escal\u00e3o, pode completar com jogadores de idades mais baixas;<\/p>\n<p>No escal\u00e3o de Petizes A, as equipas s\u00e3o constitu\u00eddas por 1 guarda-redes + 4 jogadores, e 3 suplentes.<\/p>\n<p>[\/kc_column_text][\/kc_accordion_tab][kc_accordion_tab title=&#8221;REGULAMENTO DO JOGO&#8221; _id=&#8221;455862&#8243; icon_option=&#8221;yes&#8221; icon=&#8221;fa-star&#8221;][kc_column_text _id=&#8221;480590&#8243;]<\/p>\n<p>\n<strong>JOGADORES\/AS<\/strong><br \/>\nHomens e mulheres entre 6 e 12 anos (a exce\u00e7\u00e3o da categoria Futebol Adaptado);<\/p>\n<p><strong>EQUIPAS<\/strong><br \/>\n\u2022 As equipas podem ser masculinas, fe-mininas ou mistas;<br \/>\n\u2022 M\u00e1ximo de 9 jogadores por equipa;<br \/>\n\u2022 M\u00e1ximo 6 jogadores\/as em campo por equipa: 5 jogadores\/as e 1 guarda-redes.<br \/>\n\u2022 Obrigat\u00f3rio t-shirt oficial da iniciativa Futebol de Rua 2024.<\/p>\n<p><strong>REGULAMENTO DE JOGO<\/strong><\/p>\n<p><em>DURA\u00c7\u00c3O DOS JOGOS:<\/em><br \/>\n15 minutos seguidos sem intervalos;<\/p>\n<p><em>CART\u00d5ES:<\/em><br \/>\nO jogador que receba um <strong>cart\u00e3o vermelho<\/strong> direto ou por acumula\u00e7\u00e3o de cart\u00f5es amarelos n\u00e3o poder\u00e1 jogar no jogo seguinte;<\/p>\n<p><strong>CLASSIFICA\u00c7\u00c3O<\/strong><\/p>\n<p><em>A CLASSIFICA\u00c7\u00c3O \u00c9 DECIDIDA:<\/em><br \/>\nA vit\u00f3ria corresponde \u00e0 obten\u00e7\u00e3o de 3 (tr\u00eas) pontos. Em caso de empate cada equipa ter\u00e1 1 (um) ponto. A derrota corresponde a 0 (zero) pontos.<\/p>\n<p>Se no final das classifica\u00e7\u00f5es nas fases de grupos, duas ou mais equipas tiverem somado o mesmo n\u00famero de pontos, passar\u00e1 a determinar-se a classifica\u00e7\u00e3o de uma e outra equipa da seguinte forma:<\/p>\n<p>1\u00ba Resultado direto entre ambas<br \/>\n2\u00ba Diferen\u00e7a entre golos marcados e sofridos de todos os jogos<br \/>\n3\u00ba Maior n\u00ba de golos marcados<br \/>\n4\u00ba Menor n\u00ba de golos sofridos<\/p>\n<p>Em caso do empate subsistir procede-se a um sorteio para apurar a classifica\u00e7\u00e3o;<\/p>\n<p>Nas fases finais para apurar vencedor, em caso de empate, o jogo decide-se com a marca\u00e7\u00e3o de grandes penalidades, pelo sistema de \u201cmorte s\u00fabita\u201d.<\/p>\n<p>[\/kc_column_text][\/kc_accordion_tab][kc_accordion_tab title=&#8221;TROF\u00c9US&#8221; _id=&#8221;417955&#8243; icon_option=&#8221;yes&#8221; icon=&#8221;fa-star&#8221;][kc_column_text _id=&#8221;850610&#8243;]<\/p>\n<p>\n&#8211; Trof\u00e9u Fair Play.<br \/>\n&#8211; Pr\u00e9mio igualdade do g\u00e9nero (responsa-bilidade IPDJ).<\/p>\n<p>[\/kc_column_text][\/kc_accordion_tab][\/kc_accordion][\/kc_column][\/kc_row][kc_row cols_gap=&#8221;{`kc-css`:{}}&#8221; use_container=&#8221;yes&#8221; force=&#8221;__empty__&#8221; _id=&#8221;347518&#8243; css_custom=&#8221;{`kc-css`:{`any`:{`typography`:{`text-align|`:`center`}}}}&#8221;][kc_column width=&#8221;12\/12&#8243; video_mute=&#8221;no&#8221; _id=&#8221;472168&#8243;][kc_creative_button style=&#8221;main&#8221; title=&#8221;INSCREVE-TE AQUI!&#8221; icon_show=&#8221;yes&#8221; icon_float=&#8221;after&#8221; _id=&#8221;514741&#8243; icon=&#8221;fa-file-pdf&#8221; css_custom=&#8221;{`kc-css`:{`any`:{`button`:{`margin|a`:`inherit inherit 20px inherit`}}}}&#8221; link=&#8221;http:\/\/incluirespinho.pt\/pt\/wp-content\/uploads\/2024\/07\/Ficha_Inscricao_Futebol_Rua_INCLUIREspinho.pdf||&#8221;][kc_column_text _id=&#8221;417206&#8243; css_custom=&#8221;{`kc-css`:{}}&#8221;]<\/p>\n<p>\nEnvia a ficha de inscri\u00e7\u00e3o para: <a href=\"mailto:geral@incluirespinho.pt\"><strong>geral@incluirespinho.pt<\/strong><\/a><\/p>\n<p><strong>Contacto para mais informa\u00e7\u00f5es:<\/strong> 91343 51 68<\/p>\n<p>[\/kc_column_text][kc_title text=&#8221;Tk9Uw41DSUFTICJGVVRFQk9MIERFIFJVQSI=&#8221; _id=&#8221;829585&#8243; type=&#8221;h1&#8243; css_custom=&#8221;{`kc-css`:{`any`:{`title-style`:{`margin|+.kc_title,.kc_title,.kc_title a.kc_title_link`:`20px inherit inherit inherit`}}}}&#8221;][kc_carousel_post number_post=&#8221;4&#8243; image_size=&#8221;medium&#8221; show_button=&#8221;__empty__&#8221; items_number=&#8221;4&#8243; tablet=&#8221;2&#8243; mobile=&#8221;1&#8243; speed=&#8221;500&#8243; pagination=&#8221;yes&#8221; auto_play=&#8221;yes&#8221; _id=&#8221;627101&#8243; post_taxonomy=&#8221;post:futebol-de-rua&#8221; order_by=&#8221;date&#8221; order_list=&#8221;DESC&#8221; thumbnail=&#8221;yes&#8221; css_custom=&#8221;{`kc-css`:{}}&#8221;][\/kc_column][\/kc_row][kc_row cols_gap=&#8221;{`kc-css`:{}}&#8221; use_container=&#8221;no&#8221; force=&#8221;__empty__&#8221; _id=&#8221;714920&#8243;][kc_column width=&#8221;12\/12&#8243; video_mute=&#8221;no&#8221; _id=&#8221;812331&#8243;][kc_video_play loop=&#8221;__empty__&#8221; control=&#8221;yes&#8221; related=&#8221;__empty__&#8221; showinfo=&#8221;__empty__&#8221; _id=&#8221;954052&#8243; source=&#8221;upload&#8221; video_upload=&#8221;http:\/\/incluirespinho.pt\/pt\/wp-content\/uploads\/2024\/07\/100923_Futebol_de_Rua_semlogos_2023_1.mp4&#8243; css_custom=&#8221;{`kc-css`:{`any`:{`typography`:{`text-align|`:`center`},`box`:{`margin|`:`50px inherit 50px inherit`}}}}&#8221; video_width=&#8221;800&#8243;][kc_image_gallery columns=&#8221;4&#8243; image_size=&#8221;large&#8221; alt_text=&#8221;__empty__&#8221; _id=&#8221;216188&#8243; images=&#8221;425,434,424,433,432,431,428,436&#8243; type=&#8221;grid&#8221; click_action=&#8221;lightbox&#8221; overlay=&#8221;yes&#8221; icon=&#8221;fa-plus&#8221; css_custom=&#8221;{`kc-css`:{}}&#8221; animate=&#8221;zoomIn||&#8221;][\/kc_column][\/kc_row][kc_row cols_gap=&#8221;{`kc-css`:{}}&#8221; use_container=&#8221;no&#8221; force=&#8221;__empty__&#8221; _id=&#8221;172863&#8243;][kc_column width=&#8221;12\/12&#8243; video_mute=&#8221;no&#8221; _id=&#8221;771286&#8243;][kc_single_image image_size=&#8221;full&#8221; _id=&#8221;667723&#8243; image_source=&#8221;media_library&#8221; image=&#8221;445&#8243;][\/kc_column][\/kc_row]<\/p>\n","protected":false},"excerpt":{"rendered":"<p>[kc_row cols_gap=&#8221;{`kc-css`:{}}&#8221; use_container=&#8221;no&#8221; force=&#8221;__empty__&#8221; _id=&#8221;492738&#8243; css_custom=&#8221;{`kc-css`:{}}&#8221;][kc_column width=&#8221;100%&#8221; video_mute=&#8221;no&#8221; _id=&#8221;594376&#8243;][bunch_design_and_technology _id=&#8221;999146&#8243; image=&#8221;http:\/\/incluirespinho.pt\/pt\/wp-content\/uploads\/2024\/07\/mokeup-cop1y.png&#8221; title=&#8221;TyBQcm9qZXRvIDxicj4gRnV0ZWJvbCBkZSBSdWE=&#8221; text=&#8221;QSBJTkNMVUlSLCBlbSBwYXJjZXJpYSBjb20gZW50aWRhZGVzIHDDumJsaWNhcyBlIHByaXZhZGFzLCBwcmV0ZW5kZSBjb20gZXN0ZSBwcm9qZXRvIHDDtHIgZW0gcHLDoXRpY2EgdW1hIGVzdHJhdMOpZ2lhIGlub3ZhZG9yYSBkZSBpbnRlcnZlbsOnw6NvIG5hIHByb21vw6fDo28gZGEgaW5jbHVzw6NvIHNvY2lhbCwgc2VuZG8gdW0gaW5zdHJ1bWVudG8gZGUgY2FwYWNpdGHDp8Ojbywgbm8gZGVzZW52b2x2aW1lbnRvIGRlIGNvbXBldMOqbmNpYXMgcGVzc29haXMgZSBzb2NpYWlzLCBhdHJhdsOpcyBkbyBkZXNwb3J0bywgbm9tZWFkYW1lbnRlIG5vIEZ1dGVib2wu&#8221; services=&#8221;eyIxIjp7InNlcl90aXRsZSI6IlBPUlFVw4ogTyBGVVRFQk9MPyIsInNlcl90ZXh0IjoiUEhBK1FXekRxVzBnWkdVZ2NISnZiVzkyWlhJZ2J5QkJZMlZ6YzI4Z1lXOGdSR1Z6Y0c5eWRHOGdaU0JoSUVsdVkyeDFjOE9qYnlCVGIyTnBZV3dzSUdSbGRtbGtieUJoYnlCd2IyUmxjaUJ3YjNOcGRHbDJieUJsSUcxbFpHbkRvWFJwWTI4Z1pHOGdSblYwWldKdmJDd2dZWE1nWTI5dGNHOXVaVzUwWlhNZ1kyOXNaWFJwZG1GeklHVWdkR0Z0WXNPcGJTQndZWEowYVdOcGNHRjBhWFpoY3lCa1lTQnpkV0VnY0hMRG9YUnBZMkVnY0c5emMybGlhV3hwZEdGdE9qd3ZjRDROQ2lBZ0lDQThkV3crRFFvZ0lDQWdJQ0FnSUR4c2FUNHRJRU52Ykc5allYSWdZU0JsZUdOc2RYUERvMjhnYzI5amFXRnNJRzV2SUdObGJuUnlieUJrWVhNZ1lYUmxic09udzdWbGN5QmtieUJ3YjJSbGNpQndiMnpEclhScFkyOHNJR1JoSUhCdmNIVnNZY09udzZOdklHVnRJR2RsY21Gc0lHVWdaRzl6SUcxbFpHbGhPend2YkdrK0RRb2dJQ0FnSUNBZ0lEeHNhVDR0SUU4Z1pYTmlZWFJsY2lCa1pTQm1jbTl1ZEdWcGNtRnpJSE52WTJsaGFYTWdaU0JoSUhaaGJHOXlhWHBodzZmRG8yOGdaR0VnYVcxaFoyVnRJR1J2Y3lCelpYVnpMM04xWVhNZ2FtOW5ZV1J2Y21WekwyRnpPend2YkdrK0RRb2dJQ0FnSUNBZ0lEeHNhVDR0SUU4Z1pHVnpaVzUyYjJ4MmFXMWxiblJ2SUdSbElHTnZiWEJsZE1PcWJtTnBZWE1nY0dWemMyOWhhWE1zSUhOdlkybGhhWE1nWlNCallYQmhZMmxrWVdSbGN5QndZWEpoSUdFZ2RtbGtZU0JoZEdsMllUczhMMnhwUGcwS0lDQWdJQ0FnSUNBOGJHaytMU0JCSUdOdmJtTnlaWFJwZW1IRHA4T2pieUJrYjNNZ2NISnBibVBEclhCcGIzTWdaR1VnYVdkMVlXeGtZV1JsSUdSbElHOXdiM0owZFc1cFpHRmtaWE1zSUdOcFpHRmtZVzVwWVNCbElIQmhjblJwWTJsd1ljT253Nk52SUhOdlkybGhiQzQ4TDJ4cFBnMEtJQ0FnSUR3dmRXdysifX0=&#8221;][\/kc_column][\/kc_row][kc_row cols_gap=&#8221;{`kc-css`:{}}&#8221; use_container=&#8221;yes&#8221; force=&#8221;__empty__&#8221; _id=&#8221;235629&#8243;][kc_column width=&#8221;12\/12&#8243; video_mute=&#8221;no&#8221; _id=&#8221;523287&#8243;][kc_accordion _id=&#8221;868505&#8243; css_custom=&#8221;{`kc-css`:{`any`:{`active`:{`color|.kc-section-active .kc_accordion_header a`:`#ffffff`,`color|.kc-section-active .kc_accordion_header a i`:`#ffffff`}}}}&#8221; close_all=&#8221;yes&#8221;][kc_accordion_tab title=&#8221;O TORNEIO&#8221; _id=&#8221;820860&#8243; icon_option=&#8221;yes&#8221; icon=&#8221;fa-star&#8221;][kc_column_text _id=&#8221;982240&#8243; css_custom=&#8221;{`kc-css`:{}}&#8221;] Uma competi\u00e7\u00e3o de Futebol Inclusivo que promove o acesso ao desporto e coloca em pr\u00e1tica as compet\u00eancias pes-soais e [&hellip;]<\/p>\n","protected":false},"author":2,"featured_media":941,"parent":0,"menu_order":0,"comment_status":"closed","ping_status":"closed","template":"elementor_canvas","meta":{"footnotes":""},"class_list":["post-845","page","type-page","status-publish","has-post-thumbnail","hentry"],"_links":{"self":[{"href":"https:\/\/incluirespinho.pt\/pt\/wp-json\/wp\/v2\/pages\/845","targetHints":{"allow":["GET"]}}],"collection":[{"href":"https:\/\/incluirespinho.pt\/pt\/wp-json\/wp\/v2\/pages"}],"about":[{"href":"https:\/\/incluirespinho.pt\/pt\/wp-json\/wp\/v2\/types\/page"}],"author":[{"embeddable":true,"href":"https:\/\/incluirespinho.pt\/pt\/wp-json\/wp\/v2\/users\/2"}],"replies":[{"embeddable":true,"href":"https:\/\/incluirespinho.pt\/pt\/wp-json\/wp\/v2\/comments?post=845"}],"version-history":[{"count":12,"href":"https:\/\/incluirespinho.pt\/pt\/wp-json\/wp\/v2\/pages\/845\/revisions"}],"predecessor-version":[{"id":942,"href":"https:\/\/incluirespinho.pt\/pt\/wp-json\/wp\/v2\/pages\/845\/revisions\/942"}],"wp:featuredmedia":[{"embeddable":true,"href":"https:\/\/incluirespinho.pt\/pt\/wp-json\/wp\/v2\/media\/941"}],"wp:attachment":[{"href":"https:\/\/incluirespinho.pt\/pt\/wp-json\/wp\/v2\/media?parent=845"}],"curies":[{"name":"wp","href":"https:\/\/api.w.org\/{rel}","templated":true}]}}